{"id":733,"date":"2016-06-18T20:22:41","date_gmt":"2016-06-18T20:22:41","guid":{"rendered":"https:\/\/abayanalistas.net\/es\/?page_id=733"},"modified":"2024-02-22T11:55:32","modified_gmt":"2024-02-22T11:55:32","slug":"abay","status":"publish","type":"page","link":"https:\/\/abayanalistas.net\/es\/abay\/","title":{"rendered":"ABAY"},"content":{"rendered":"<p><div class=\"fusion-fullwidth fullwidth-box fusion-builder-row-1 nonhundred-percent-fullwidth non-hundred-percent-height-scrolling\" style=\"background-color: #48c0ba;background-position: right top;background-repeat: no-repeat;padding-top:2%;padding-right:5%;padding-bottom:2%;padding-left:5%;margin-bottom: 0px;margin-top: 0px;border-width: 0px 0px 0px 0px;border-color:#eae9e9;border-style:solid;\" ><div class=\"fusion-builder-row fusion-row\"><div class=\"fusion-layout-column fusion_builder_column fusion-builder-column-0 fusion_builder_column_1_1 1_1 fusion-one-full fusion-column-first fusion-column-last fusion-column-no-min-height\" style=\"margin-top:0px;margin-bottom:0px;\"><div class=\"fusion-column-wrapper fusion-flex-column-wrapper-legacy\" style=\"background-position:left top;background-repeat:no-repeat;-webkit-background-size:cover;-moz-background-size:cover;-o-background-size:cover;background-size:cover;padding: 0px 0px 0px 0px;\"><div class=\"fusion-text fusion-text-1\"><h3 style=\"color: #ffffff;\">Transformamos datos en informaci\u00f3n, e informaci\u00f3n en conocimiento, para que usted pueda optimizar sus decisiones<\/h3>\n<\/div><div class=\"fusion-clearfix\"><\/div><\/div><\/div><\/div><\/div><div class=\"fusion-bg-parallax\" data-bg-align=\"center center\" data-direction=\"right\" data-mute=\"false\" data-opacity=\"100\" data-velocity=\"-0.3\" data-mobile-enabled=\"true\" data-break_parents=\"0\" data-bg-image=\"https:\/\/abayanalistas.net\/es\/wp-content\/uploads\/GraficaFondo01.jpg\" data-bg-repeat=\"false\" ><\/div><div class=\"fusion-fullwidth fullwidth-box fusion-builder-row-2 fusion-parallax-right nonhundred-percent-fullwidth non-hundred-percent-height-scrolling fusion-equal-height-columns lazyload\" style=\"background-color: rgba(255,255,255,0);background-position: center center;background-repeat: no-repeat;padding-top:20px;padding-right:0px;padding-bottom:20px;padding-left:0px;margin-bottom: 0px;margin-top: 0px;border-width: 0px 0px 0px 0px;border-color:#eae9e9;border-style:solid;-webkit-background-size:cover;-moz-background-size:cover;-o-background-size:cover;background-size:cover;\" data-bg=\"https:\/\/abayanalistas.net\/es\/wp-content\/uploads\/GraficaFondo01.jpg\" ><div class=\"fusion-builder-row fusion-row\"><div class=\"fusion-layout-column fusion_builder_column fusion-builder-column-1 fusion_builder_column_1_1 1_1 fusion-one-full fusion-column-first fusion-column-last\" style=\"margin-top:0px;margin-bottom:20px;\"><div class=\"fusion-column-wrapper fusion-flex-column-wrapper-legacy\" style=\"background-position:center center;background-repeat:no-repeat;-webkit-background-size:cover;-moz-background-size:cover;-o-background-size:cover;background-size:cover;background-color:rgba(255,255,255,0.90);border-width: 1px 1px 1px 1px;border-color:#f7dfad;border-style:solid;padding: 5% 5% 5% 5%;\"><div class=\"fusion-column-content-centered\"><div class=\"fusion-column-content\"><div class=\"fusion-text fusion-text-2\"><h2 style=\"--fontsize: 50; line-height: 1; font-size: 50px;\" data-fusion-font=\"true\">ABAY ANALISTAS<\/h2>\n<p>Abay Analistas dispone de una considerable convergencia de conocimientos, experiencia y recursos t\u00e9cnicos, ingredientes imprescindibles en el adecuado planteamiento de estrategias de actuaci\u00f3n en \u00e1reas como: mercado de trabajo, temas sociales, g\u00e9nero e innovaci\u00f3n.<br \/>\nAbay ha logrado cuantificar impactos de programas y pol\u00edticas, gracias al despliegue de un conjunto de indicadores, derivados de metodolog\u00edas de desarrollo propio.<\/p>\n<\/div><\/div><\/div><div class=\"fusion-clearfix\"><\/div><\/div><\/div><\/div><\/div><div class=\"fusion-fullwidth fullwidth-box fusion-builder-row-3 hundred-percent-fullwidth non-hundred-percent-height-scrolling\" style=\"background-color: rgba(255,255,255,0);background-position: left top;background-repeat: no-repeat;padding-top:0px;padding-right:0px;padding-bottom:0px;padding-left:0px;margin-bottom: 0px;margin-top: 0px;border-width: 0px 0px 0px 0px;border-color:#eae9e9;border-style:solid;\" ><div class=\"fusion-builder-row fusion-row\"><div class=\"fusion-layout-column fusion_builder_column fusion-builder-column-2 fusion_builder_column_1_1 1_1 fusion-one-full fusion-column-first fusion-column-last fusion-column-no-min-height\" style=\"margin-top:0px;margin-bottom:0px;\"><div class=\"fusion-column-wrapper fusion-flex-column-wrapper-legacy\" style=\"background-position:left top;background-repeat:no-repeat;-webkit-background-size:cover;-moz-background-size:cover;-o-background-size:cover;background-size:cover;padding: 0px 0px 0px 0px;\"><span class=\" fusion-imageframe imageframe-none imageframe-1 hover-type-none\"><img decoding=\"async\" width=\"2268\" height=\"664\" alt=\"foto oficina\" title=\"foto oficina\" src=\"https:\/\/abayanalistas.net\/es\/wp-content\/uploads\/foto-oficina.jpg\" data-orig-src=\"https:\/\/abayanalistas.net\/es\/wp-content\/uploads\/foto-oficina.jpg\" class=\"lazyload img-responsive wp-image-2501\" srcset=\"data:image\/svg+xml,%3Csvg%20xmlns%3D%27http%3A%2F%2Fwww.w3.org%2F2000%2Fsvg%27%20width%3D%272268%27%20height%3D%27664%27%20viewBox%3D%270%200%202268%20664%27%3E%3Crect%20width%3D%272268%27%20height%3D%27664%27%20fill-opacity%3D%220%22%2F%3E%3C%2Fsvg%3E\" data-srcset=\"https:\/\/abayanalistas.net\/es\/wp-content\/uploads\/foto-oficina-200x59.jpg 200w, https:\/\/abayanalistas.net\/es\/wp-content\/uploads\/foto-oficina-400x117.jpg 400w, https:\/\/abayanalistas.net\/es\/wp-content\/uploads\/foto-oficina-600x176.jpg 600w, https:\/\/abayanalistas.net\/es\/wp-content\/uploads\/foto-oficina-800x234.jpg 800w, https:\/\/abayanalistas.net\/es\/wp-content\/uploads\/foto-oficina-1200x351.jpg 1200w, https:\/\/abayanalistas.net\/es\/wp-content\/uploads\/foto-oficina.jpg 2268w\" data-sizes=\"auto\" data-orig-sizes=\"(max-width: 1230px) 100vw, 1200px\" \/><\/span><div class=\"fusion-clearfix\"><\/div><\/div><\/div><\/div><\/div><div class=\"fusion-fullwidth fullwidth-box fusion-builder-row-4 nonhundred-percent-fullwidth non-hundred-percent-height-scrolling fusion-equal-height-columns\" style=\"background-color: rgba(255,255,255,0);background-position: left top;background-repeat: no-repeat;padding-top:20px;padding-right:0px;padding-bottom:20px;padding-left:0px;margin-bottom: 0px;margin-top: 0px;border-width: 0px 0px 0px 0px;border-color:#eae9e9;border-style:solid;\" ><div class=\"fusion-builder-row fusion-row\"><div class=\"fusion-layout-column fusion_builder_column fusion-builder-column-3 fusion_builder_column_2_5 2_5 fusion-two-fifth fusion-column-first\" style=\"width:37.6%; margin-right: 4%;margin-top:0px;margin-bottom:20px;\"><div class=\"fusion-column-wrapper fusion-flex-column-wrapper-legacy\" style=\"background-position:right center;background-repeat:no-repeat;-webkit-background-size:cover;-moz-background-size:cover;-o-background-size:cover;background-size:cover;border-width: 0 3px 0 0;border-color:#e0dede;border-style:solid;padding: 0px 0px 0px 0px;\"><div class=\"fusion-column-content-centered\"><div class=\"fusion-column-content\"><div class=\"fusion-text fusion-text-3\"><h2 style=\"--fontsize: 50; line-height: 1;\"><span style=\"font-size: 200%; font-family: Montserrat; text-align: left; color: #3b5293; line-height: 50px; letter-spacing: normal;\" data-fusion-font=\"true\">INVESTIGACI\u00d3N Y ASESORAMIENTO<\/span><\/h2>\n<\/div><\/div><\/div><div class=\"fusion-clearfix\"><\/div><\/div><\/div><div class=\"fusion-layout-column fusion_builder_column fusion-builder-column-4 fusion_builder_column_3_5 3_5 fusion-three-fifth fusion-column-last\" style=\"width:58.4%;margin-top:0px;margin-bottom:20px;\"><div class=\"fusion-column-wrapper fusion-flex-column-wrapper-legacy\" style=\"background-position:left top;background-repeat:no-repeat;-webkit-background-size:cover;-moz-background-size:cover;-o-background-size:cover;background-size:cover;padding: 0px 0px 0px 0px;\"><div class=\"fusion-column-content-centered\"><div class=\"fusion-column-content\"><div class=\"fusion-text fusion-text-4\"><h3><em>Para nuestro\/a cliente\/a es imprescindible tener una base s\u00f3lida sobre la cual elaborar su estrategia<\/em><\/h3>\n<\/div><\/div><\/div><div class=\"fusion-clearfix\"><\/div><\/div><\/div><div class=\"fusion-layout-column fusion_builder_column fusion-builder-column-5 fusion_builder_column_1_1 1_1 fusion-one-full fusion-column-first fusion-column-last fusion-column-no-min-height\" style=\"margin-top:0px;margin-bottom:0px;\"><div class=\"fusion-column-wrapper fusion-flex-column-wrapper-legacy\" style=\"background-position:left top;background-repeat:no-repeat;-webkit-background-size:cover;-moz-background-size:cover;-o-background-size:cover;background-size:cover;padding: 0px 0px 0px 0px;\"><div class=\"fusion-text fusion-text-5\"><p>Abay Analistas aporta a sus clientes\/as estudios, investigaciones y asesoramiento. Elementos clave para que las administraciones o empresas, puedan dise\u00f1ar, elaborar o modificar sus actuaciones y pol\u00edticas.<\/p>\n<h5>Proyectos de Investigaci\u00f3n y asesoramiento:<\/h5>\n<ul type=\"square\">\n<li>Que aporten a los\/as clientes\/as el conocimiento necesario para emprender acciones de forma segura.<\/li>\n<li>Con elementos de referencia concretos, que posibiliten dise\u00f1ar, desarrollar o modificar las estrategias y actuaciones.<\/li>\n<\/ul>\n<\/div><div class=\"fusion-clearfix\"><\/div><\/div><\/div><\/div><\/div><div class=\"fusion-fullwidth fullwidth-box fusion-builder-row-5 nonhundred-percent-fullwidth non-hundred-percent-height-scrolling fusion-equal-height-columns\" style=\"background-color: rgba(255,255,255,0);background-position: left top;background-repeat: no-repeat;padding-top:20px;padding-right:0px;padding-bottom:20px;padding-left:0px;margin-bottom: 0px;margin-top: 0px;border-width: 0px 0px 0px 0px;border-color:#eae9e9;border-style:solid;\" ><div class=\"fusion-builder-row fusion-row\"><div class=\"fusion-layout-column fusion_builder_column fusion-builder-column-6 fusion_builder_column_1_3 1_3 fusion-one-third fusion-column-first\" style=\"width:30.6666%; margin-right: 4%;margin-top:0px;margin-bottom:0px;\"><div class=\"fusion-column-wrapper fusion-flex-column-wrapper-legacy\" style=\"background-position:right center;background-repeat:no-repeat;-webkit-background-size:cover;-moz-background-size:cover;-o-background-size:cover;background-size:cover;border-width: 0 3px 0 0;border-color:#e0dede;border-style:solid;padding: 0px 0px 0px 0px;\"><div class=\"fusion-column-content-centered\"><div class=\"fusion-column-content\"><div class=\"fusion-text fusion-text-6\"><h2 style=\"--fontsize: 50; line-height: 1;\"><span style=\"font-size: 200%; font-family: Montserrat; text-align: left; color: #3b5293; line-height: 50px;\" data-fusion-font=\"true\"><b>EQUIPO ABAY<\/b><\/span><\/h2>\n<\/div><\/div><\/div><div class=\"fusion-clearfix\"><\/div><\/div><\/div><div class=\"fusion-layout-column fusion_builder_column fusion-builder-column-7 fusion_builder_column_2_3 2_3 fusion-two-third fusion-column-last\" style=\"width:65.3333%;margin-top:0px;margin-bottom:20px;\"><div class=\"fusion-column-wrapper fusion-flex-column-wrapper-legacy\" style=\"background-position:left center;background-repeat:no-repeat;-webkit-background-size:cover;-moz-background-size:cover;-o-background-size:cover;background-size:cover;padding: 0px 0px 0px 0px;\"><div class=\"fusion-column-content-centered\"><div class=\"fusion-column-content\"><div class=\"fusion-text fusion-text-7\"><h3><em>Un equipo humano a la medida de cada proyecto<\/em><\/h3>\n<\/div><\/div><\/div><div class=\"fusion-clearfix\"><\/div><\/div><\/div><div class=\"fusion-layout-column fusion_builder_column fusion-builder-column-8 fusion_builder_column_1_1 1_1 fusion-one-full fusion-column-first fusion-column-last fusion-column-no-min-height\" style=\"margin-top:0px;margin-bottom:0px;\"><div class=\"fusion-column-wrapper fusion-flex-column-wrapper-legacy\" style=\"background-position:left top;background-repeat:no-repeat;-webkit-background-size:cover;-moz-background-size:cover;-o-background-size:cover;background-size:cover;padding: 0px 0px 0px 0px;\"><div class=\"fusion-text fusion-text-8\"><p>Para la realizaci\u00f3n de su actividad, Abay cuenta con una extensa red de colaboradores\/as, que posibilitan la cobertura a diversidad de proyectos, integr\u00e1ndose en equipos necesariamente interdisciplinares, acorde a las demandas de la actividad de la empresa y la alta especializaci\u00f3n requerida para su consecuci\u00f3n.<\/p>\n<p>Abay Analistas est\u00e1 integrado por un equipo profesional con una s\u00f3lida y amplia experiencia en la consultor\u00eda de temas econ\u00f3micos y sociales, as\u00ed como en asistencia t\u00e9cnica aplicada a aspectos relacionados con mercado de trabajo, temas sociales, g\u00e9nero e innovaci\u00f3n, para instituciones tanto p\u00fablicas como privadas, en \u00e1mbitos internacionales, europeos y nacionales.<\/p>\n<p>Una caracter\u00edstica distintiva de Abay Analistas es el desarrollo de metodolog\u00edas propias y la aportaci\u00f3n de perspectivas cuantitativas a temas econ\u00f3micos y sociales, que han permitido tanto el an\u00e1lisis de impactos de pol\u00edticas y programas, como el desarrollo de indicadores de distintos niveles, para el seguimiento de dichas actuaciones.<\/p>\n<\/div><div class=\"fusion-clearfix\"><\/div><\/div><\/div><\/div><\/div><\/p>\n","protected":false},"excerpt":{"rendered":"","protected":false},"author":1,"featured_media":0,"parent":0,"menu_order":0,"comment_status":"closed","ping_status":"closed","template":"100-width.php","meta":{"footnotes":""},"yoast_head":"<!-- This site is optimized with the Yoast SEO plugin v24.5 - https:\/\/yoast.com\/wordpress\/plugins\/seo\/ -->\n<title>Abay Analistas<\/title>\n<meta name=\"description\" content=\"Abay Analistas dispone de una considerable convergencia de conocimientos, experiencia y recursos t\u00e9cnicos, conoce m\u00e1s con nosotros.\" \/>\n<meta name=\"robots\" content=\"index, follow, max-snippet:-1, max-image-preview:large, max-video-preview:-1\" \/>\n<link rel=\"canonical\" href=\"https:\/\/abayanalistas.net\/es\/abay\/\" \/>\n<meta property=\"og:locale\" content=\"es_ES\" \/>\n<meta property=\"og:type\" content=\"article\" \/>\n<meta property=\"og:title\" content=\"Abay Analistas\" \/>\n<meta property=\"og:description\" content=\"Abay Analistas dispone de una considerable convergencia de conocimientos, experiencia y recursos t\u00e9cnicos, conoce m\u00e1s con nosotros.\" \/>\n<meta property=\"og:url\" content=\"https:\/\/abayanalistas.net\/es\/abay\/\" \/>\n<meta property=\"og:site_name\" content=\"Abay Analistas\" \/>\n<meta property=\"article:modified_time\" content=\"2024-02-22T11:55:32+00:00\" \/>\n<meta property=\"og:image\" content=\"https:\/\/abayanalistas.net\/es\/wp-content\/uploads\/foto-oficina.jpg\" \/>\n<meta name=\"twitter:card\" content=\"summary_large_image\" \/>\n<meta name=\"twitter:site\" content=\"@abayanalistas\" \/>\n<meta name=\"twitter:label1\" content=\"Tiempo de lectura\" \/>\n\t<meta name=\"twitter:data1\" content=\"8 minutos\" \/>\n<script type=\"application\/ld+json\" class=\"yoast-schema-graph\">{\"@context\":\"https:\/\/schema.org\",\"@graph\":[{\"@type\":\"WebPage\",\"@id\":\"https:\/\/abayanalistas.net\/es\/abay\/\",\"url\":\"https:\/\/abayanalistas.net\/es\/abay\/\",\"name\":\"Abay Analistas\",\"isPartOf\":{\"@id\":\"https:\/\/abayanalistas.net\/es\/#website\"},\"primaryImageOfPage\":{\"@id\":\"https:\/\/abayanalistas.net\/es\/abay\/#primaryimage\"},\"image\":{\"@id\":\"https:\/\/abayanalistas.net\/es\/abay\/#primaryimage\"},\"thumbnailUrl\":\"https:\/\/abayanalistas.net\/es\/wp-content\/uploads\/foto-oficina.jpg\",\"datePublished\":\"2016-06-18T20:22:41+00:00\",\"dateModified\":\"2024-02-22T11:55:32+00:00\",\"description\":\"Abay Analistas dispone de una considerable convergencia de conocimientos, experiencia y recursos t\u00e9cnicos, conoce m\u00e1s con nosotros.\",\"breadcrumb\":{\"@id\":\"https:\/\/abayanalistas.net\/es\/abay\/#breadcrumb\"},\"inLanguage\":\"es\",\"potentialAction\":[{\"@type\":\"ReadAction\",\"target\":[\"https:\/\/abayanalistas.net\/es\/abay\/\"]}]},{\"@type\":\"ImageObject\",\"inLanguage\":\"es\",\"@id\":\"https:\/\/abayanalistas.net\/es\/abay\/#primaryimage\",\"url\":\"https:\/\/abayanalistas.net\/es\/wp-content\/uploads\/foto-oficina.jpg\",\"contentUrl\":\"https:\/\/abayanalistas.net\/es\/wp-content\/uploads\/foto-oficina.jpg\",\"width\":2268,\"height\":664,\"caption\":\"foto oficina\"},{\"@type\":\"BreadcrumbList\",\"@id\":\"https:\/\/abayanalistas.net\/es\/abay\/#breadcrumb\",\"itemListElement\":[{\"@type\":\"ListItem\",\"position\":1,\"name\":\"Portada\",\"item\":\"https:\/\/abayanalistas.net\/es\/\"},{\"@type\":\"ListItem\",\"position\":2,\"name\":\"ABAY\"}]},{\"@type\":\"WebSite\",\"@id\":\"https:\/\/abayanalistas.net\/es\/#website\",\"url\":\"https:\/\/abayanalistas.net\/es\/\",\"name\":\"Abay Analistas\",\"description\":\"Analistas econ\u00f3micos y sociales\",\"publisher\":{\"@id\":\"https:\/\/abayanalistas.net\/es\/#organization\"},\"potentialAction\":[{\"@type\":\"SearchAction\",\"target\":{\"@type\":\"EntryPoint\",\"urlTemplate\":\"https:\/\/abayanalistas.net\/es\/?s={search_term_string}\"},\"query-input\":{\"@type\":\"PropertyValueSpecification\",\"valueRequired\":true,\"valueName\":\"search_term_string\"}}],\"inLanguage\":\"es\"},{\"@type\":\"Organization\",\"@id\":\"https:\/\/abayanalistas.net\/es\/#organization\",\"name\":\"Abay Analistas\",\"url\":\"https:\/\/abayanalistas.net\/es\/\",\"logo\":{\"@type\":\"ImageObject\",\"inLanguage\":\"es\",\"@id\":\"https:\/\/abayanalistas.net\/es\/#\/schema\/logo\/image\/\",\"url\":\"https:\/\/i0.wp.com\/abayanalistas.net\/es\/wp-content\/uploads\/Logo_Abay_Retina.png?fit=280%2C96&ssl=1\",\"contentUrl\":\"https:\/\/i0.wp.com\/abayanalistas.net\/es\/wp-content\/uploads\/Logo_Abay_Retina.png?fit=280%2C96&ssl=1\",\"width\":280,\"height\":96,\"caption\":\"Abay Analistas\"},\"image\":{\"@id\":\"https:\/\/abayanalistas.net\/es\/#\/schema\/logo\/image\/\"},\"sameAs\":[\"https:\/\/x.com\/abayanalistas\",\"https:\/\/www.linkedin.com\/company\/abay-analistas?trk=biz-companies-cym\"]}]}<\/script>\n<!-- \/ Yoast SEO plugin. -->","yoast_head_json":{"title":"Abay Analistas","description":"Abay Analistas dispone de una considerable convergencia de conocimientos, experiencia y recursos t\u00e9cnicos, conoce m\u00e1s con nosotros.","robots":{"index":"index","follow":"follow","max-snippet":"max-snippet:-1","max-image-preview":"max-image-preview:large","max-video-preview":"max-video-preview:-1"},"canonical":"https:\/\/abayanalistas.net\/es\/abay\/","og_locale":"es_ES","og_type":"article","og_title":"Abay Analistas","og_description":"Abay Analistas dispone de una considerable convergencia de conocimientos, experiencia y recursos t\u00e9cnicos, conoce m\u00e1s con nosotros.","og_url":"https:\/\/abayanalistas.net\/es\/abay\/","og_site_name":"Abay Analistas","article_modified_time":"2024-02-22T11:55:32+00:00","og_image":[{"url":"https:\/\/abayanalistas.net\/es\/wp-content\/uploads\/foto-oficina.jpg","type":"","width":"","height":""}],"twitter_card":"summary_large_image","twitter_site":"@abayanalistas","twitter_misc":{"Tiempo de lectura":"8 minutos"},"schema":{"@context":"https:\/\/schema.org","@graph":[{"@type":"WebPage","@id":"https:\/\/abayanalistas.net\/es\/abay\/","url":"https:\/\/abayanalistas.net\/es\/abay\/","name":"Abay Analistas","isPartOf":{"@id":"https:\/\/abayanalistas.net\/es\/#website"},"primaryImageOfPage":{"@id":"https:\/\/abayanalistas.net\/es\/abay\/#primaryimage"},"image":{"@id":"https:\/\/abayanalistas.net\/es\/abay\/#primaryimage"},"thumbnailUrl":"https:\/\/abayanalistas.net\/es\/wp-content\/uploads\/foto-oficina.jpg","datePublished":"2016-06-18T20:22:41+00:00","dateModified":"2024-02-22T11:55:32+00:00","description":"Abay Analistas dispone de una considerable convergencia de conocimientos, experiencia y recursos t\u00e9cnicos, conoce m\u00e1s con nosotros.","breadcrumb":{"@id":"https:\/\/abayanalistas.net\/es\/abay\/#breadcrumb"},"inLanguage":"es","potentialAction":[{"@type":"ReadAction","target":["https:\/\/abayanalistas.net\/es\/abay\/"]}]},{"@type":"ImageObject","inLanguage":"es","@id":"https:\/\/abayanalistas.net\/es\/abay\/#primaryimage","url":"https:\/\/abayanalistas.net\/es\/wp-content\/uploads\/foto-oficina.jpg","contentUrl":"https:\/\/abayanalistas.net\/es\/wp-content\/uploads\/foto-oficina.jpg","width":2268,"height":664,"caption":"foto oficina"},{"@type":"BreadcrumbList","@id":"https:\/\/abayanalistas.net\/es\/abay\/#breadcrumb","itemListElement":[{"@type":"ListItem","position":1,"name":"Portada","item":"https:\/\/abayanalistas.net\/es\/"},{"@type":"ListItem","position":2,"name":"ABAY"}]},{"@type":"WebSite","@id":"https:\/\/abayanalistas.net\/es\/#website","url":"https:\/\/abayanalistas.net\/es\/","name":"Abay Analistas","description":"Analistas econ\u00f3micos y sociales","publisher":{"@id":"https:\/\/abayanalistas.net\/es\/#organization"},"potentialAction":[{"@type":"SearchAction","target":{"@type":"EntryPoint","urlTemplate":"https:\/\/abayanalistas.net\/es\/?s={search_term_string}"},"query-input":{"@type":"PropertyValueSpecification","valueRequired":true,"valueName":"search_term_string"}}],"inLanguage":"es"},{"@type":"Organization","@id":"https:\/\/abayanalistas.net\/es\/#organization","name":"Abay Analistas","url":"https:\/\/abayanalistas.net\/es\/","logo":{"@type":"ImageObject","inLanguage":"es","@id":"https:\/\/abayanalistas.net\/es\/#\/schema\/logo\/image\/","url":"https:\/\/i0.wp.com\/abayanalistas.net\/es\/wp-content\/uploads\/Logo_Abay_Retina.png?fit=280%2C96&ssl=1","contentUrl":"https:\/\/i0.wp.com\/abayanalistas.net\/es\/wp-content\/uploads\/Logo_Abay_Retina.png?fit=280%2C96&ssl=1","width":280,"height":96,"caption":"Abay Analistas"},"image":{"@id":"https:\/\/abayanalistas.net\/es\/#\/schema\/logo\/image\/"},"sameAs":["https:\/\/x.com\/abayanalistas","https:\/\/www.linkedin.com\/company\/abay-analistas?trk=biz-companies-cym"]}]}},"_links":{"self":[{"href":"https:\/\/abayanalistas.net\/es\/wp-json\/wp\/v2\/pages\/733"}],"collection":[{"href":"https:\/\/abayanalistas.net\/es\/wp-json\/wp\/v2\/pages"}],"about":[{"href":"https:\/\/abayanalistas.net\/es\/wp-json\/wp\/v2\/types\/page"}],"author":[{"embeddable":true,"href":"https:\/\/abayanalistas.net\/es\/wp-json\/wp\/v2\/users\/1"}],"replies":[{"embeddable":true,"href":"https:\/\/abayanalistas.net\/es\/wp-json\/wp\/v2\/comments?post=733"}],"version-history":[{"count":103,"href":"https:\/\/abayanalistas.net\/es\/wp-json\/wp\/v2\/pages\/733\/revisions"}],"predecessor-version":[{"id":3982,"href":"https:\/\/abayanalistas.net\/es\/wp-json\/wp\/v2\/pages\/733\/revisions\/3982"}],"wp:attachment":[{"href":"https:\/\/abayanalistas.net\/es\/wp-json\/wp\/v2\/media?parent=733"}],"curies":[{"name":"wp","href":"https:\/\/api.w.org\/{rel}","templated":true}]}}