{"id":4167,"date":"2026-04-15T09:53:40","date_gmt":"2026-04-15T09:53:40","guid":{"rendered":"https:\/\/abayanalistas.net\/es\/?page_id=4167"},"modified":"2026-04-15T10:32:51","modified_gmt":"2026-04-15T10:32:51","slug":"impacto-decision","status":"publish","type":"page","link":"https:\/\/abayanalistas.net\/es\/impacto-decision\/","title":{"rendered":"Cuando el impacto socioecon\u00f3mico puede cambiar la decisi\u00f3n"},"content":{"rendered":"<p><div class=\"fusion-fullwidth fullwidth-box fusion-builder-row-1 nonhundred-percent-fullwidth non-hundred-percent-height-scrolling\" style=\"background-color: #48c0ba;background-position: left top;background-repeat: no-repeat;padding-top:2%;padding-right:5%;padding-bottom:2%;padding-left:5%;margin-bottom: 0px;margin-top: 0px;border-width: 0px 0px 0px 0px;border-color:#eae9e9;border-style:solid;\" ><div class=\"fusion-builder-row fusion-row\"><div class=\"fusion-layout-column fusion_builder_column fusion-builder-column-0 fusion_builder_column_1_1 1_1 fusion-one-full fusion-column-first fusion-column-last fusion-column-no-min-height\" style=\"margin-top:0px;margin-bottom:0px;\"><div class=\"fusion-column-wrapper fusion-flex-column-wrapper-legacy\" style=\"background-position:left top;background-repeat:no-repeat;-webkit-background-size:cover;-moz-background-size:cover;-o-background-size:cover;background-size:cover;padding: 0px 0px 0px 0px;\"><div class=\"fusion-text fusion-text-1\"><h3 style=\"color: #ffffff;\">En decisiones con exposici\u00f3n territorial, el impacto no es solo contexto: puede<br \/>\ncondicionar el resultado y necesita tener peso real en la decisi\u00f3n.<\/h3>\n<\/div><div class=\"fusion-clearfix\"><\/div><\/div><\/div><\/div><\/div><div class=\"fusion-fullwidth fullwidth-box fusion-builder-row-2 hundred-percent-fullwidth non-hundred-percent-height-scrolling fusion-equal-height-columns\" style=\"background-color: rgba(255,255,255,0);background-position: left top;background-repeat: no-repeat;padding-top:0px;padding-right:0px;padding-bottom:0px;padding-left:0px;margin-bottom: 0px;margin-top: 0px;border-width: 0px 0px 0px 0px;border-color:#eae9e9;border-style:solid;\" ><div class=\"fusion-builder-row fusion-row\"><div class=\"fusion-layout-column fusion_builder_column fusion-builder-column-1 fusion_builder_column_1_1 1_1 fusion-one-full fusion-column-first fusion-column-last\" style=\"margin-top:0px;margin-bottom:0px;\"><div class=\"fusion-column-wrapper fusion-flex-column-wrapper-legacy\" style=\"background-position:left top;background-repeat:no-repeat;-webkit-background-size:cover;-moz-background-size:cover;-o-background-size:cover;background-size:cover;padding: 5% 5% 5% 5%;\"><div class=\"fusion-column-content-centered\"><div class=\"fusion-column-content\"><div class=\"fusion-text fusion-text-2\"><p><strong>Lo que suele quedar fuera de la decisi\u00f3n<\/strong><\/p>\n<p>En muchos proyectos, la dimensi\u00f3n ambiental est\u00e1 bien resuelta desde el punto de vista t\u00e9cnico y normativo.<br \/>\nSin embargo, las implicaciones territoriales, sociales y econ\u00f3micas suelen analizarse en paralelo, sin llegar a integrarse en la decisi\u00f3n.<br \/>\nEsto hace que parte del impacto se tenga en cuenta, pero no siempre en el momento ni con el peso necesario para orientar realmente el resultado.<br \/>\nEn algunos casos, estas variables reaparecen m\u00e1s adelante \u2014a trav\u00e9s del entorno, los actores o el propio territorio\u2014 condicionando el desarrollo del proyecto y obligando a reaccionar.<br \/>\nNo porque no se hayan analizado, sino porque no se integraron a tiempo en la decisi\u00f3n.<\/p>\n<p><strong>C\u00f3mo integramos el impacto en la decisi\u00f3n<\/strong><br \/>\nEn Abay trabajamos el impacto socioecon\u00f3mico como una pieza que puede cambiar la decisi\u00f3n, no solo como un ejercicio de an\u00e1lisis.<br \/>\nPartimos de evidencia y lectura de contexto para estructurar el impacto en t\u00e9rminos que permitan entender qu\u00e9 implicaciones tiene cada opci\u00f3n y c\u00f3mo pueden afectar al resultado.<br \/>\nEl foco no est\u00e1 en generar m\u00e1s informaci\u00f3n, sino en hacer que el impacto pueda incorporarse de forma clara, comparable y con peso real en la decisi\u00f3n.<\/p>\n<p><strong>C\u00f3mo lo trabajamos<\/strong><br \/>\nEl impacto socioecon\u00f3mico no se manifiesta como una suma de variables, sino como la interacci\u00f3n entre ellas.<br \/>\nPor eso no lo abordamos como un conjunto de capas independientes, sino como una realidad que hay que estructurar a partir de evidencia, con un enfoque anal\u00edtico consistente en cada proyecto, entendiendo c\u00f3mo se combinan datos, territorio y actores en cada contexto concreto.<br \/>\nEste enfoque permite identificar d\u00f3nde el impacto deja de ser contexto y pasa a condicionar el desarrollo del proyecto, y en qu\u00e9 momento se vuelve cr\u00edtico para la decisi\u00f3n.<br \/>\nA partir de ah\u00ed, lo estructuramos en t\u00e9rminos comparables y utilizables, de forma que pueda incorporarse a la decisi\u00f3n, evitando que quede como contexto.<\/p>\n<p><strong>D\u00f3nde encajamos<\/strong><br \/>\nEncajamos especialmente en proyectos donde:<\/p>\n<ul>\n<li>Existe una implantaci\u00f3n territorial relevante<\/li>\n<li>Intervienen m\u00faltiples actores (institucionales, sociales o econ\u00f3micos)<\/li>\n<li>El impacto va m\u00e1s all\u00e1 del cumplimiento normativo<\/li>\n<li>La decisi\u00f3n requiere integrar variables que no son estrictamente t\u00e9cnicas<\/li>\n<\/ul>\n<p><strong>Qu\u00e9 aportamos<\/strong><\/p>\n<ul>\n<li>Claridad sobre c\u00f3mo el impacto puede influir en el resultado de la decisi\u00f3n<\/li>\n<li>Estructuraci\u00f3n del impacto en t\u00e9rminos \u00fatiles y comparables<\/li>\n<li>Lectura de actores y din\u00e1micas que condicionan el desarrollo del proyecto<\/li>\n<li>Identificaci\u00f3n de riesgos y tensiones no t\u00e9cnicas<\/li>\n<li>Elementos que permiten anticipar y no solo reaccionar<\/li>\n<\/ul>\n<p><strong>C\u00f3mo colaboramos<\/strong><br \/>\nTrabajamos como complemento a equipos t\u00e9cnicos, integr\u00e1ndonos en proyectos sin alterar su enfoque.<br \/>\nNuestra aportaci\u00f3n es puntual y se centra en aquellas implicaciones que, si no se integran a tiempo, pueden condicionar el desarrollo posterior del proyecto.<\/p>\n<p>Si este enfoque encaja con vuestro tipo de proyectos y decisiones, estaremos encantados de comentarlo (abay@abayanalistas.net &#8211; 916781676).<\/p>\n<\/div><\/div><\/div><div class=\"fusion-clearfix\"><\/div><\/div><\/div><\/div><\/div><\/p>\n","protected":false},"excerpt":{"rendered":"","protected":false},"author":1,"featured_media":0,"parent":0,"menu_order":0,"comment_status":"closed","ping_status":"closed","template":"100-width.php","meta":{"footnotes":""},"yoast_head":"<!-- This site is optimized with the Yoast SEO plugin v24.5 - https:\/\/yoast.com\/wordpress\/plugins\/seo\/ -->\n<title>Cuando el impacto cambia la decisi\u00f3n<\/title>\n<meta name=\"description\" content=\"En decisiones con exposici\u00f3n territorial, el impacto no es solo contexto: puede condicionar el resultado y necesita tener peso real en la decisi\u00f3n.\" \/>\n<meta name=\"robots\" content=\"index, follow, max-snippet:-1, max-image-preview:large, max-video-preview:-1\" \/>\n<link rel=\"canonical\" href=\"https:\/\/abayanalistas.net\/es\/impacto-decision\/\" \/>\n<meta property=\"og:locale\" content=\"es_ES\" \/>\n<meta property=\"og:type\" content=\"article\" \/>\n<meta property=\"og:title\" content=\"Cuando el impacto cambia la decisi\u00f3n\" \/>\n<meta property=\"og:description\" content=\"En decisiones con exposici\u00f3n territorial, el impacto no es solo contexto: puede condicionar el resultado y necesita tener peso real en la decisi\u00f3n.\" \/>\n<meta property=\"og:url\" content=\"https:\/\/abayanalistas.net\/es\/impacto-decision\/\" \/>\n<meta property=\"og:site_name\" content=\"Abay Analistas\" \/>\n<meta property=\"article:modified_time\" content=\"2026-04-15T10:32:51+00:00\" \/>\n<meta name=\"twitter:card\" content=\"summary_large_image\" \/>\n<meta name=\"twitter:site\" content=\"@abayanalistas\" \/>\n<meta name=\"twitter:label1\" content=\"Tiempo de lectura\" \/>\n\t<meta name=\"twitter:data1\" content=\"4 minutos\" \/>\n<script type=\"application\/ld+json\" class=\"yoast-schema-graph\">{\"@context\":\"https:\/\/schema.org\",\"@graph\":[{\"@type\":\"WebPage\",\"@id\":\"https:\/\/abayanalistas.net\/es\/impacto-decision\/\",\"url\":\"https:\/\/abayanalistas.net\/es\/impacto-decision\/\",\"name\":\"Cuando el impacto cambia la decisi\u00f3n\",\"isPartOf\":{\"@id\":\"https:\/\/abayanalistas.net\/es\/#website\"},\"datePublished\":\"2026-04-15T09:53:40+00:00\",\"dateModified\":\"2026-04-15T10:32:51+00:00\",\"description\":\"En decisiones con exposici\u00f3n territorial, el impacto no es solo contexto: puede condicionar el resultado y necesita tener peso real en la decisi\u00f3n.\",\"breadcrumb\":{\"@id\":\"https:\/\/abayanalistas.net\/es\/impacto-decision\/#breadcrumb\"},\"inLanguage\":\"es\",\"potentialAction\":[{\"@type\":\"ReadAction\",\"target\":[\"https:\/\/abayanalistas.net\/es\/impacto-decision\/\"]}]},{\"@type\":\"BreadcrumbList\",\"@id\":\"https:\/\/abayanalistas.net\/es\/impacto-decision\/#breadcrumb\",\"itemListElement\":[{\"@type\":\"ListItem\",\"position\":1,\"name\":\"Portada\",\"item\":\"https:\/\/abayanalistas.net\/es\/\"},{\"@type\":\"ListItem\",\"position\":2,\"name\":\"Cuando el impacto socioecon\u00f3mico puede cambiar la decisi\u00f3n\"}]},{\"@type\":\"WebSite\",\"@id\":\"https:\/\/abayanalistas.net\/es\/#website\",\"url\":\"https:\/\/abayanalistas.net\/es\/\",\"name\":\"Abay Analistas\",\"description\":\"Analistas econ\u00f3micos y sociales\",\"publisher\":{\"@id\":\"https:\/\/abayanalistas.net\/es\/#organization\"},\"potentialAction\":[{\"@type\":\"SearchAction\",\"target\":{\"@type\":\"EntryPoint\",\"urlTemplate\":\"https:\/\/abayanalistas.net\/es\/?s={search_term_string}\"},\"query-input\":{\"@type\":\"PropertyValueSpecification\",\"valueRequired\":true,\"valueName\":\"search_term_string\"}}],\"inLanguage\":\"es\"},{\"@type\":\"Organization\",\"@id\":\"https:\/\/abayanalistas.net\/es\/#organization\",\"name\":\"Abay Analistas\",\"url\":\"https:\/\/abayanalistas.net\/es\/\",\"logo\":{\"@type\":\"ImageObject\",\"inLanguage\":\"es\",\"@id\":\"https:\/\/abayanalistas.net\/es\/#\/schema\/logo\/image\/\",\"url\":\"https:\/\/i0.wp.com\/abayanalistas.net\/es\/wp-content\/uploads\/Logo_Abay_Retina.png?fit=280%2C96&ssl=1\",\"contentUrl\":\"https:\/\/i0.wp.com\/abayanalistas.net\/es\/wp-content\/uploads\/Logo_Abay_Retina.png?fit=280%2C96&ssl=1\",\"width\":280,\"height\":96,\"caption\":\"Abay Analistas\"},\"image\":{\"@id\":\"https:\/\/abayanalistas.net\/es\/#\/schema\/logo\/image\/\"},\"sameAs\":[\"https:\/\/x.com\/abayanalistas\",\"https:\/\/www.linkedin.com\/company\/abay-analistas?trk=biz-companies-cym\"]}]}<\/script>\n<!-- \/ Yoast SEO plugin. -->","yoast_head_json":{"title":"Cuando el impacto cambia la decisi\u00f3n","description":"En decisiones con exposici\u00f3n territorial, el impacto no es solo contexto: puede condicionar el resultado y necesita tener peso real en la decisi\u00f3n.","robots":{"index":"index","follow":"follow","max-snippet":"max-snippet:-1","max-image-preview":"max-image-preview:large","max-video-preview":"max-video-preview:-1"},"canonical":"https:\/\/abayanalistas.net\/es\/impacto-decision\/","og_locale":"es_ES","og_type":"article","og_title":"Cuando el impacto cambia la decisi\u00f3n","og_description":"En decisiones con exposici\u00f3n territorial, el impacto no es solo contexto: puede condicionar el resultado y necesita tener peso real en la decisi\u00f3n.","og_url":"https:\/\/abayanalistas.net\/es\/impacto-decision\/","og_site_name":"Abay Analistas","article_modified_time":"2026-04-15T10:32:51+00:00","twitter_card":"summary_large_image","twitter_site":"@abayanalistas","twitter_misc":{"Tiempo de lectura":"4 minutos"},"schema":{"@context":"https:\/\/schema.org","@graph":[{"@type":"WebPage","@id":"https:\/\/abayanalistas.net\/es\/impacto-decision\/","url":"https:\/\/abayanalistas.net\/es\/impacto-decision\/","name":"Cuando el impacto cambia la decisi\u00f3n","isPartOf":{"@id":"https:\/\/abayanalistas.net\/es\/#website"},"datePublished":"2026-04-15T09:53:40+00:00","dateModified":"2026-04-15T10:32:51+00:00","description":"En decisiones con exposici\u00f3n territorial, el impacto no es solo contexto: puede condicionar el resultado y necesita tener peso real en la decisi\u00f3n.","breadcrumb":{"@id":"https:\/\/abayanalistas.net\/es\/impacto-decision\/#breadcrumb"},"inLanguage":"es","potentialAction":[{"@type":"ReadAction","target":["https:\/\/abayanalistas.net\/es\/impacto-decision\/"]}]},{"@type":"BreadcrumbList","@id":"https:\/\/abayanalistas.net\/es\/impacto-decision\/#breadcrumb","itemListElement":[{"@type":"ListItem","position":1,"name":"Portada","item":"https:\/\/abayanalistas.net\/es\/"},{"@type":"ListItem","position":2,"name":"Cuando el impacto socioecon\u00f3mico puede cambiar la decisi\u00f3n"}]},{"@type":"WebSite","@id":"https:\/\/abayanalistas.net\/es\/#website","url":"https:\/\/abayanalistas.net\/es\/","name":"Abay Analistas","description":"Analistas econ\u00f3micos y sociales","publisher":{"@id":"https:\/\/abayanalistas.net\/es\/#organization"},"potentialAction":[{"@type":"SearchAction","target":{"@type":"EntryPoint","urlTemplate":"https:\/\/abayanalistas.net\/es\/?s={search_term_string}"},"query-input":{"@type":"PropertyValueSpecification","valueRequired":true,"valueName":"search_term_string"}}],"inLanguage":"es"},{"@type":"Organization","@id":"https:\/\/abayanalistas.net\/es\/#organization","name":"Abay Analistas","url":"https:\/\/abayanalistas.net\/es\/","logo":{"@type":"ImageObject","inLanguage":"es","@id":"https:\/\/abayanalistas.net\/es\/#\/schema\/logo\/image\/","url":"https:\/\/i0.wp.com\/abayanalistas.net\/es\/wp-content\/uploads\/Logo_Abay_Retina.png?fit=280%2C96&ssl=1","contentUrl":"https:\/\/i0.wp.com\/abayanalistas.net\/es\/wp-content\/uploads\/Logo_Abay_Retina.png?fit=280%2C96&ssl=1","width":280,"height":96,"caption":"Abay Analistas"},"image":{"@id":"https:\/\/abayanalistas.net\/es\/#\/schema\/logo\/image\/"},"sameAs":["https:\/\/x.com\/abayanalistas","https:\/\/www.linkedin.com\/company\/abay-analistas?trk=biz-companies-cym"]}]}},"_links":{"self":[{"href":"https:\/\/abayanalistas.net\/es\/wp-json\/wp\/v2\/pages\/4167"}],"collection":[{"href":"https:\/\/abayanalistas.net\/es\/wp-json\/wp\/v2\/pages"}],"about":[{"href":"https:\/\/abayanalistas.net\/es\/wp-json\/wp\/v2\/types\/page"}],"author":[{"embeddable":true,"href":"https:\/\/abayanalistas.net\/es\/wp-json\/wp\/v2\/users\/1"}],"replies":[{"embeddable":true,"href":"https:\/\/abayanalistas.net\/es\/wp-json\/wp\/v2\/comments?post=4167"}],"version-history":[{"count":5,"href":"https:\/\/abayanalistas.net\/es\/wp-json\/wp\/v2\/pages\/4167\/revisions"}],"predecessor-version":[{"id":4175,"href":"https:\/\/abayanalistas.net\/es\/wp-json\/wp\/v2\/pages\/4167\/revisions\/4175"}],"wp:attachment":[{"href":"https:\/\/abayanalistas.net\/es\/wp-json\/wp\/v2\/media?parent=4167"}],"curies":[{"name":"wp","href":"https:\/\/api.w.org\/{rel}","templated":true}]}}